{"id":6,"date":"2022-07-07T16:18:35","date_gmt":"2022-07-07T19:18:35","guid":{"rendered":"http:\/\/lgpdsercon.local\/?page_id=6"},"modified":"2022-07-07T21:52:54","modified_gmt":"2022-07-08T00:52:54","slug":"politicas-de-privacidade","status":"publish","type":"page","link":"https:\/\/serconcontabeis.com.br\/lgpd\/politicas-de-privacidade\/","title":{"rendered":"Pol\u00edticas de privacidade"},"content":{"rendered":"\t\t<div data-elementor-type=\"wp-post\" data-elementor-id=\"6\" class=\"elementor elementor-6\">\n\t\t\t\t\t\t<section class=\"elementor-section elementor-top-section elementor-element elementor-element-4cfbf42 elementor-section-boxed elementor-section-height-default elementor-section-height-default\" data-id=\"4cfbf42\" data-element_type=\"section\" data-settings=\"{&quot;background_background&quot;:&quot;classic&quot;}\">\n\t\t\t\t\t\t<div class=\"elementor-container elementor-column-gap-default\">\n\t\t\t\t\t<div class=\"elementor-column elementor-col-100 elementor-top-column elementor-element elementor-element-16f9e05\" data-id=\"16f9e05\" data-element_type=\"column\">\n\t\t\t<div class=\"elementor-widget-wrap elementor-element-populated\">\n\t\t\t\t\t\t<div class=\"elementor-element elementor-element-7723d91 elementor-widget elementor-widget-heading\" data-id=\"7723d91\" data-element_type=\"widget\" data-widget_type=\"heading.default\">\n\t\t\t\t<div class=\"elementor-widget-container\">\n\t\t\t\t\t<h2 class=\"elementor-heading-title elementor-size-default\">Pol\u00edticas de privacidade<\/h2>\t\t\t\t<\/div>\n\t\t\t\t<\/div>\n\t\t\t\t\t<\/div>\n\t\t<\/div>\n\t\t\t\t\t<\/div>\n\t\t<\/section>\n\t\t\t\t<section class=\"elementor-section elementor-top-section elementor-element elementor-element-d251b89 elementor-section-boxed elementor-section-height-default elementor-section-height-default\" data-id=\"d251b89\" data-element_type=\"section\">\n\t\t\t\t\t\t<div class=\"elementor-container elementor-column-gap-default\">\n\t\t\t\t\t<div class=\"elementor-column elementor-col-100 elementor-top-column elementor-element elementor-element-32f3ed2\" data-id=\"32f3ed2\" data-element_type=\"column\">\n\t\t\t<div class=\"elementor-widget-wrap elementor-element-populated\">\n\t\t\t\t\t\t<div class=\"elementor-element elementor-element-97a2dde elementor-widget elementor-widget-spacer\" data-id=\"97a2dde\" data-element_type=\"widget\" data-widget_type=\"spacer.default\">\n\t\t\t\t<div class=\"elementor-widget-container\">\n\t\t\t\t\t\t\t<div class=\"elementor-spacer\">\n\t\t\t<div class=\"elementor-spacer-inner\"><\/div>\n\t\t<\/div>\n\t\t\t\t\t\t<\/div>\n\t\t\t\t<\/div>\n\t\t\t\t<div class=\"elementor-element elementor-element-7b9dc64 elementor-widget elementor-widget-text-editor\" data-id=\"7b9dc64\" data-element_type=\"widget\" data-widget_type=\"text-editor.default\">\n\t\t\t\t<div class=\"elementor-widget-container\">\n\t\t\t\t\t\t\t\t\t<p><strong>POL\u00cdTICA DE PRIVACIDADE<\/strong><\/p><p>\u00a0<\/p><p>A <strong>SERCON SERVI\u00c7OS CONT\u00c1BEIS LTDA<\/strong>, em observ\u00e2ncia \u00e0 Lei n\u00ba 13.709 de 14 de agosto de 2018, conhecida como Lei Geral de Prote\u00e7\u00e3o de Dados (LGPD), e diligente na preserva\u00e7\u00e3o da seguran\u00e7a e privacidade dos dados tratados em sua opera\u00e7\u00e3o, elaborou a presente Pol\u00edtica de Privacidade, na qual exp\u00f5e os procedimentos de coleta, uso, armazenamento, compartilhamento e prote\u00e7\u00e3o de dados pessoais efetuados, assim como a finalidade que autoriza a realiza\u00e7\u00e3o dos procedimentos supracitados e os direitos dos titulares dos dados tratados, previstos na LGPD.<\/p><ol><li><strong>Defini\u00e7\u00f5es<\/strong><\/li><\/ol><ul><li><strong>Lei Geral de Prote\u00e7\u00e3o de Dados &#8211; LGPD:<\/strong> Lei n\u00ba 13.709, publicada em 14 de agosto de 2018, que disp\u00f5e sobre o tratamento de dados pessoais, inclusive nos meios digitais, por pessoa natural ou jur\u00eddica, de direito p\u00fablico ou privado, com objetivo de proteger os direitos fundamentais de liberdade e de privacidade e o livre desenvolvimento da personalidade da pessoa natural.<\/li><\/ul><ul><li><strong> Dados Pessoais: <\/strong>informa\u00e7\u00e3o relacionada a pessoa natural identificada ou identific\u00e1vel;<\/li><\/ul><ul><li><strong> Dados Sens\u00edveis: <\/strong>dado pessoal relacionado \u00e0 origem racial ou \u00e9tnica, convic\u00e7\u00e3o religiosa, opini\u00e3o pol\u00edtica, filia\u00e7\u00e3o a sindicato ou a organiza\u00e7\u00e3o de car\u00e1ter religioso, filos\u00f3fico ou pol\u00edtico, dado referente \u00e0 sa\u00fade ou \u00e0 vida sexual, dado gen\u00e9tico ou biom\u00e9trico, vinculado a uma pessoa natural;<\/li><\/ul><ul><li><strong> Titulares de dados: <\/strong>pessoa natural a quem se referem os dados pessoais que s\u00e3o objeto de tratamento;<\/li><\/ul><ul><li><strong> Controlador: <\/strong>agente a quem competem as decis\u00f5es referentes ao tratamento de dados pessoais;<\/li><\/ul><ul><li><strong> Operador: <\/strong>agente que realiza o tratamento de dados pessoais em nome do controlador;<\/li><\/ul><ul><li><strong> Cookies (on-line): p<\/strong>equenos trechos de texto usados para armazenar informa\u00e7\u00f5es em navegadores da Web, utilizados para armazenar e receber identificadores e outras informa\u00e7\u00f5es em computadores, telefones e outros dispositivos.<\/li><\/ul><p>\u00a0<\/p><ol start=\"2\"><li><strong>Da coleta de dados pessoais<\/strong><\/li><\/ol><p>A coleta e o tratamento de dados pessoais efetuados pela SERCON SERVI\u00c7OS CONT\u00c1BEIS LTDA observam os princ\u00edpios da finalidade, adequa\u00e7\u00e3o, necessidade, livre acesso, qualidade, transpar\u00eancia, seguran\u00e7a, preven\u00e7\u00e3o, n\u00e3o discrimina\u00e7\u00e3o e responsabiliza\u00e7\u00e3o previstos no art. 6\u00ba da LGPD, sendo coletados e tratados apenas os dados pessoais necess\u00e1rios \u00e0 presta\u00e7\u00e3o dos servi\u00e7os contratuais fornecidos, ao cumprimento de obriga\u00e7\u00f5es legais e \u00e0 manuten\u00e7\u00e3o de rela\u00e7\u00f5es comerciais solicitadas pelo usu\u00e1rio ou titular de dados.<\/p><ul><li><strong> Forma e finalidade da coleta de dados<\/strong><\/li><\/ul><ol><li><strong>Formul\u00e1rio eletr\u00f4nico de contato:<\/strong> de forma volunt\u00e1ria, o titular de dados pode, em campo pr\u00f3prio intitulado \u201cfale conosco\u201d, constante no s\u00edtio eletr\u00f4nico \u201chttps:\/\/www.serconcontabeis.com.br\/\u201d, ou por meio do aplicativo de mensagens WhatsApp, atrav\u00e9s do n\u00famero <strong>(83) 99963-8694, <\/strong>inserir seus dados pessoais (nome, telefone e e-mail), que ser\u00e3o utilizados exclusivamente para fins de contato comercial e elabora\u00e7\u00e3o de Proposta de Presta\u00e7\u00e3o de Servi\u00e7o, n\u00e3o sendo tais dados compartilhados com terceiros ou utilizados para quaisquer fins diversos.<\/li><\/ol><div>\u00a0<\/div><ol><li><strong>Formul\u00e1rio de contrata\u00e7\u00e3o de servi\u00e7os: <\/strong>ap\u00f3s a contrata\u00e7\u00e3o do servi\u00e7o de assessoria cont\u00e1bil, o contratante fornecer\u00e1 os dados necess\u00e1rios \u00e0 execu\u00e7\u00e3o do contrato e ao cumprimento da legisla\u00e7\u00e3o vigente aplic\u00e1vel \u00e0 rela\u00e7\u00e3o jur\u00eddica constitu\u00edda. Para tanto, s\u00e3o coletados, no ato da contrata\u00e7\u00e3o do servi\u00e7o, os seguintes dados: dados de identifica\u00e7\u00e3o do(a) contratante; dados de identifica\u00e7\u00e3o do(s) seu(s) representante(s) legal(is); dados fiscais; dados financeiros; identifica\u00e7\u00f5es digitais e ficha de funcion\u00e1rios, contendo o nome; endere\u00e7o; telefone; etnia; estado civil; grau de instru\u00e7\u00e3o formal; n\u00famero das documenta\u00e7\u00f5es oficiais de RG, CPF; CNH; CPTPS; T\u00edtulo de Eleitor; Reservista; al\u00e9m de documenta\u00e7\u00e3o m\u00e9dica inerente \u00e0 regularidade do v\u00ednculo trabalhista, qual seja, carteira de vacina\u00e7\u00e3o e exame admissional e dados relevantes para o cumprimento do dever de prestar informa\u00e7\u00f5es previdenci\u00e1rias ao Instituto Nacional do Seguro Social, tais como o registro de filhos de at\u00e9 14 anos de idade e atestados e comunica\u00e7\u00f5es m\u00e9dicas apresentadas pelo funcion\u00e1rio titular.<\/li><\/ol><p><strong>\u00a0<\/strong><\/p><ul><li><strong>Formul\u00e1rio de atualiza\u00e7\u00e3o de dados: <\/strong>na vig\u00eancia do contrato de presta\u00e7\u00e3o do servi\u00e7o de assessoria cont\u00e1bil, eventuais altera\u00e7\u00f5es nos dados coletados no ato da contrata\u00e7\u00e3o ser\u00e3o informadas pela contratante, para que a contratada possa continuar a prestar fielmente os servi\u00e7os contratados.<\/li><\/ul><ul><li><strong> Bases legais para coleta e tratamento de dados<\/strong><\/li><\/ul><p>A coleta de dados esclarecida no subitem 2.1., encontra respaldo nas seguintes bases legais estabelecidas no art. 7\u00ba da LGPD<\/p><ol><li><strong>Consentimento pelo titular (art. 7\u00ba, I):<\/strong> manifesta\u00e7\u00e3o livre, informada e inequ\u00edvoca, prestada em meio f\u00edsico, a partir da assinatura de termo espec\u00edfico, ou em meio eletr\u00f4nico, com o preenchimento de campo apropriado, por meio da qual o titular de dados autoriza a SERCON SERVI\u00c7OS CONT\u00c1BEIS LTDA tratar os seus dados pessoais.<\/li><li><strong>Cumprimento de obriga\u00e7\u00e3o legal ou regulat\u00f3ria (art. 7\u00ba, II):<\/strong> coleta, tratamento e armazenamento de dados exigido pela legisla\u00e7\u00e3o vigente e aplic\u00e1vel aos servi\u00e7os prestados.<\/li><\/ol><ul><li><strong>Execu\u00e7\u00e3o de contrato (art. 7\u00ba, V): <\/strong>coleta, tratamento e armazenamento de dados necess\u00e1rios a execu\u00e7\u00e3o de contrato estabelecido com o titular de dados.<\/li><\/ul><ol start=\"3\"><li><strong> Compartilhamento de dados com terceiros<\/strong><\/li><\/ol><p>A SERCON SERVI\u00c7OS CONT\u00c1BEIS LTDA apenas realiza o compartilhamento de dados com terceiros expressamente autorizado pelo titular de dados, em cl\u00e1usula espec\u00edfica constante em termo de consentimento, quando, ainda, tal ato se fizer necess\u00e1rio para a execu\u00e7\u00e3o das obriga\u00e7\u00f5es contratuais ou para cumprir determina\u00e7\u00e3o legal, requisi\u00e7\u00e3o policial, requisi\u00e7\u00e3o ou ordem judicial ou administrativa dos \u00f3rg\u00e3os governamentais competentes.<\/p><ol start=\"4\"><li><strong> Prazo de armazenamento<\/strong><\/li><\/ol><p>Os dados tratados pela SERCON SERVI\u00c7OS CONT\u00c1BEIS LTDA ser\u00e3o armazenados pelo tempo necess\u00e1rio ao cumprimento da finalidade para a qual foram coletados ou, em cada caso, pelo tempo exigido pela legisla\u00e7\u00e3o pertinente ou tempo razo\u00e1vel para preven\u00e7\u00e3o de demandas judiciais ou administrativas, relativas \u00e0s informa\u00e7\u00f5es armazenadas.<\/p><table><tbody><tr><td width=\"144\"><p><strong>TIPO DE DADO<\/strong><\/p><\/td><td width=\"148\"><p><strong>FINALIDADE<\/strong><\/p><\/td><td width=\"131\"><p><strong>BASE LEGAL<\/strong><\/p><\/td><td width=\"143\"><p><strong>PRAZO DE ARMAZENAMENTO<\/strong><\/p><\/td><\/tr><tr><td width=\"144\"><p>Dados de contato<\/p><\/td><td width=\"148\"><p>Contato comercial<\/p><\/td><td width=\"131\"><p>Consentimento<\/p><\/td><td width=\"143\"><p>Presta\u00e7\u00e3o das informa\u00e7\u00f5es solicitadas<\/p><\/td><\/tr><tr><td width=\"144\"><p>Dados de identifica\u00e7\u00e3o digital<\/p><\/td><td width=\"148\"><p>Mapeamento de atividades realizadas por usu\u00e1rio em rede<\/p><\/td><td width=\"131\"><p>Determina\u00e7\u00e3o legal &#8211; Lei<\/p><p>12.965\/2014<\/p><\/td><td width=\"143\"><p>6 meses<\/p><\/td><\/tr><tr><td width=\"144\"><p>Dados de identifica\u00e7\u00e3o digital (certificado digital, senha de portais eletr\u00f4nicos etc)<\/p><\/td><td width=\"148\"><p>Execu\u00e7\u00e3o do contrato de assessoria cont\u00e1bil<\/p><\/td><td width=\"131\"><p>Consentimento e execu\u00e7\u00e3o de contrato<\/p><\/td><td width=\"143\"><p>Enquanto perdurar a rela\u00e7\u00e3o contratual<\/p><\/td><\/tr><tr><td width=\"144\"><p>Dados pessoais de funcion\u00e1rios de contratantes<\/p><\/td><td width=\"148\"><p>Execu\u00e7\u00e3o do contrato de assessoria, operabiliza\u00e7\u00e3o do cumprimento dos deveres patronais, presta\u00e7\u00e3o de informa\u00e7\u00f5es aos \u00f3rg\u00e3os p\u00fablicos oficiais.<\/p><\/td><td width=\"131\"><p>Cumprimento de obriga\u00e7\u00e3o legal e consentimento<\/p><\/td><td width=\"143\"><p>Enquanto perdurar o v\u00ednculo, at\u00e9 05 anos ap\u00f3s o seu encerramento.<\/p><\/td><\/tr><tr><td width=\"144\"><p>Dados pessoais requisitados por autoridade judicial ou administrativa, ou, ainda, que sirvam como elemento necess\u00e1rio a instru\u00e7\u00e3o de processo administrativo ou judicial<\/p><\/td><td width=\"148\"><p>Defesa de interesse pr\u00f3prio ou apresenta\u00e7\u00e3o de subs\u00eddio para defesa de interesse de cliente ou titular.<\/p><\/td><td width=\"131\"><p>Leg\u00edtimo interesse e\/ou cumprimento de obriga\u00e7\u00e3o legal<\/p><\/td><td width=\"143\"><p>Enquanto durar o processo administrativo e at\u00e9 05 anos ap\u00f3s sua conclus\u00e3o, ou judicial, at\u00e9 02 anos o tr\u00e2nsito em julgado.<\/p><\/td><\/tr><\/tbody><\/table><p>Ap\u00f3s o prazo acima referido ou quando n\u00e3o mais se fizer necess\u00e1rio o armazenamento, ser\u00e3o os dados pessoais coletados exclu\u00eddos ou anonimizados, preservado o direito do titular de requerer, a qualquer tempo, a exclus\u00e3o dos dados fornecidos mediamente consentimento, quando n\u00e3o estiver presente circunst\u00e2ncia que legitime e torne necess\u00e1rio o armazenamento dos mesmos.<\/p><ol start=\"5\"><li><strong> Direitos dos titulares de dados<\/strong><\/li><\/ol><p>Conforme previsto no Cap\u00edtulo III da LGPD, toda pessoa natural, referida neste documento como Titular de Dados, tem assegurados os direitos fundamentais de liberdade, intimidade e privacidade, podendo obter, em rela\u00e7\u00e3o aos dados de sua titularidade tratados pela SERCON SERVI\u00c7OS CONT\u00c1BEIS LTDA:<\/p><p>5.1. Confirma\u00e7\u00e3o da exist\u00eancia de tratamento;<\/p><p>5.2. Acesso aos dados de sua titularidade;<\/p><p>5.3. Corre\u00e7\u00e3o de dados incompletos, inexatos ou desatualizados;<\/p><p>5.4. Anonimiza\u00e7\u00e3o, bloqueio ou elimina\u00e7\u00e3o de dados desnecess\u00e1rios, excessivos ou tratados em desconformidade com a LGPD;<\/p><p>5.5. portabilidade dos dados a outro fornecedor de servi\u00e7o ou produto, mediante requisi\u00e7\u00e3o expressa, de acordo com a regulamenta\u00e7\u00e3o da autoridade nacional, observados os segredos comercial e industrial;<\/p><p>5.6. Elimina\u00e7\u00e3o dos dados pessoais tratados com o consentimento do titular, exceto quando necess\u00e1rio ao cumprimento de obriga\u00e7\u00e3o legal ou regulat\u00f3ria ou quando presente qualquer das hip\u00f3teses previstas no art. 16 da LGPD;<\/p><p>5.7. Informa\u00e7\u00e3o das entidades p\u00fablicas e privadas com as quais se realizou uso compartilhado de dados;<\/p><p>5.8. Informa\u00e7\u00e3o sobre a possibilidade de n\u00e3o fornecer consentimento e sobre as consequ\u00eancias da negativa;<\/p><p>5.9. revoga\u00e7\u00e3o do consentimento a qualquer momento, mediante manifesta\u00e7\u00e3o expressa, por procedimento gratuito e facilitado;<\/p><p>Os direitos acima previstos poder\u00e3o ser exercidos mediante requisi\u00e7\u00e3o a ser efetuada em aba pr\u00f3pria no s\u00edtio eletr\u00f4nico do escrit\u00f3rio, intitulada \u201cSolicita\u00e7\u00e3o de atendimento LGPD\u201d, podendo tamb\u00e9m ser direcionada ao e-mail <a href=\"mailto:lgpd@serconcontabeis.com.br\">lgpd@serconcontabeis.com.br<\/a> \u201d.<\/p><p>\u00a0<\/p><ol start=\"6\"><li><strong> Cookies ou dados de navega\u00e7\u00e3o (site)<\/strong><\/li><\/ol><p>No s\u00edtio eletr\u00f4nico da SERCON SERVI\u00c7OS CONT\u00c1BEIS LTDA, \u201chttps:\/\/www.serconcontabeis.com.br\/\u201d, s\u00e3o coletados, ap\u00f3s as devidas permiss\u00f5es, cookies que podem identificar, direta ou indiretamente os usu\u00e1rios, sendo eles:<\/p><p><strong>6.1. Cookies relacionados a boletins por e-mail:<\/strong> os cookies podem ser usados para lembrar se voc\u00ea j\u00e1 est\u00e1 registrado e se deve mostrar determinadas notifica\u00e7\u00f5es v\u00e1lidas apenas para usu\u00e1rios assinantes do boletim informativo oferecido.<\/p><p><strong>6.2. Cookies relacionados a formul\u00e1rios: <\/strong>no envio de dados por meio de formul\u00e1rios, os cookies podem ser configurados para lembrar os detalhes do usu\u00e1rio para correspond\u00eancia futura.<\/p><p><strong>6.3. Cookies de prefer\u00eancias do site:<\/strong> a fim de proporcionar uma boa experi\u00eancia no site, fornecemos a funcionalidade para definir as prefer\u00eancias de execu\u00e7\u00e3o e uso do site pelo usu\u00e1rio.<\/p><p><strong>6.4. Cookies de Terceiros: <\/strong>a fim de melhorar a experi\u00eancia do usu\u00e1rio com base em seus interesses e prefer\u00eancias, \u00e9 utilizado o Google Analytics, com cookies que podem rastrear informa\u00e7\u00f5es como quanto tempo o usu\u00e1rio gasta no site e as p\u00e1ginas visitadas.<\/p><p>Ressalte-se que \u00e9 poss\u00edvel ao usu\u00e1rio impedir a configura\u00e7\u00e3o de cookies ajustando as configura\u00e7\u00f5es do seu navegador. Por\u00e9m, a desativa\u00e7\u00e3o afetar\u00e1 a funcionalidade de funcionalidades e recursos do site.<\/p><ol start=\"7\"><li><strong> Altera\u00e7\u00f5es<\/strong><\/li><\/ol><p>Reserva-se o direito de modificar essa Pol\u00edtica de Privacidade a qualquer momento, conforme o surgimento de necessidades de atualiza\u00e7\u00e3o ou de altera\u00e7\u00e3o na finalidade de tratamento, sendo assegurada a notifica\u00e7\u00e3o dos usu\u00e1rios e, fazendo-se necess\u00e1ria, a coleta de concord\u00e2ncia com as novas normas.<\/p><p>\u00a0<\/p><ol start=\"8\"><li><strong> Contato<\/strong><\/li><\/ol><p>Em caso de d\u00favida sobre a presente Pol\u00edtica de Privacidade, \u00e9 poss\u00edvel o esclarecimento das disposi\u00e7\u00f5es pelo Comit\u00ea de Privacidade e Prote\u00e7\u00e3o de Dados da SERCON SERVI\u00c7OS CONT\u00c1BEIS LTDA, atrav\u00e9s de e-mail endere\u00e7ado ao endere\u00e7o <a href=\"mailto:lgpd@serconcontabeis.com.br\"><strong>lgpd@serconcontabeis.com.br<\/strong><\/a> ou\/e liga\u00e7\u00e3o telef\u00f4nica direcionada aos n\u00fameros (83) 3241-5293 \/ (83) 99963-8694.<\/p><p>Jo\u00e3o Pessoa\/PB, 30\/05\/2022.<\/p><p>\u00a0<\/p><p>SERCON SERVI\u00c7OS CONT\u00c1BEIS LTDA<\/p><p>\u00a0<\/p><p>Documento elaborado em parceria com o Sebrae\/PB, em programa de consultoria empresarial conduzido por Marcelly de Santana Batista, OAB\/PB 27.360.<\/p>\t\t\t\t\t\t\t\t<\/div>\n\t\t\t\t<\/div>\n\t\t\t\t<div class=\"elementor-element elementor-element-7c583f3 elementor-align-center elementor-widget elementor-widget-button\" data-id=\"7c583f3\" data-element_type=\"widget\" data-widget_type=\"button.default\">\n\t\t\t\t<div class=\"elementor-widget-container\">\n\t\t\t\t\t\t\t\t\t<div class=\"elementor-button-wrapper\">\n\t\t\t\t\t<a class=\"elementor-button elementor-button-link elementor-size-sm\" href=\"http:\/\/lgpdsercon.local\/wp-content\/uploads\/2022\/07\/POLITICA-DE-PRIVACIDADE.docx\" id=\"download\">\n\t\t\t\t\t\t<span class=\"elementor-button-content-wrapper\">\n\t\t\t\t\t\t\t\t\t<span class=\"elementor-button-text\">Baixar documento<\/span>\n\t\t\t\t\t<\/span>\n\t\t\t\t\t<\/a>\n\t\t\t\t<\/div>\n\t\t\t\t\t\t\t\t<\/div>\n\t\t\t\t<\/div>\n\t\t\t\t<div class=\"elementor-element elementor-element-5fe8acc elementor-widget elementor-widget-image\" data-id=\"5fe8acc\" data-element_type=\"widget\" data-widget_type=\"image.default\">\n\t\t\t\t<div class=\"elementor-widget-container\">\n\t\t\t\t\t\t\t\t\t\t\t\t\t\t\t\t<a href=\"https:\/\/sercontabeis.com.br\">\n\t\t\t\t\t\t\t<img decoding=\"async\" width=\"206\" height=\"62\" src=\"https:\/\/serconcontabeis.com.br\/lgpd\/wp-content\/uploads\/2022\/07\/206-62-max.png\" class=\"attachment-large size-large wp-image-8\" alt=\"\" \/>\t\t\t\t\t\t\t\t<\/a>\n\t\t\t\t\t\t\t\t\t\t\t\t\t\t\t<\/div>\n\t\t\t\t<\/div>\n\t\t\t\t<div class=\"elementor-element elementor-element-0d44e61 elementor-widget elementor-widget-spacer\" data-id=\"0d44e61\" data-element_type=\"widget\" data-widget_type=\"spacer.default\">\n\t\t\t\t<div class=\"elementor-widget-container\">\n\t\t\t\t\t\t\t<div class=\"elementor-spacer\">\n\t\t\t<div class=\"elementor-spacer-inner\"><\/div>\n\t\t<\/div>\n\t\t\t\t\t\t<\/div>\n\t\t\t\t<\/div>\n\t\t\t\t\t<\/div>\n\t\t<\/div>\n\t\t\t\t\t<\/div>\n\t\t<\/section>\n\t\t\t\t<\/div>\n\t\t","protected":false},"excerpt":{"rendered":"<p>Pol\u00edticas de privacidade POL\u00cdTICA DE PRIVACIDADE \u00a0 A SERCON SERVI\u00c7OS CONT\u00c1BEIS LTDA, em observ\u00e2ncia \u00e0 Lei n\u00ba 13.709 de 14 de agosto de 2018, conhecida como Lei Geral de Prote\u00e7\u00e3o de Dados (LGPD), e diligente na preserva\u00e7\u00e3o da seguran\u00e7a e privacidade dos dados tratados em sua opera\u00e7\u00e3o, elaborou a presente Pol\u00edtica de Privacidade, na qual [&hellip;]<\/p>\n","protected":false},"author":1,"featured_media":8,"parent":0,"menu_order":0,"comment_status":"closed","ping_status":"closed","template":"elementor_canvas","meta":{"footnotes":""},"class_list":["post-6","page","type-page","status-publish","has-post-thumbnail","hentry"],"_links":{"self":[{"href":"https:\/\/serconcontabeis.com.br\/lgpd\/wp-json\/wp\/v2\/pages\/6","targetHints":{"allow":["GET"]}}],"collection":[{"href":"https:\/\/serconcontabeis.com.br\/lgpd\/wp-json\/wp\/v2\/pages"}],"about":[{"href":"https:\/\/serconcontabeis.com.br\/lgpd\/wp-json\/wp\/v2\/types\/page"}],"author":[{"embeddable":true,"href":"https:\/\/serconcontabeis.com.br\/lgpd\/wp-json\/wp\/v2\/users\/1"}],"replies":[{"embeddable":true,"href":"https:\/\/serconcontabeis.com.br\/lgpd\/wp-json\/wp\/v2\/comments?post=6"}],"version-history":[{"count":16,"href":"https:\/\/serconcontabeis.com.br\/lgpd\/wp-json\/wp\/v2\/pages\/6\/revisions"}],"predecessor-version":[{"id":72,"href":"https:\/\/serconcontabeis.com.br\/lgpd\/wp-json\/wp\/v2\/pages\/6\/revisions\/72"}],"wp:featuredmedia":[{"embeddable":true,"href":"https:\/\/serconcontabeis.com.br\/lgpd\/wp-json\/wp\/v2\/media\/8"}],"wp:attachment":[{"href":"https:\/\/serconcontabeis.com.br\/lgpd\/wp-json\/wp\/v2\/media?parent=6"}],"curies":[{"name":"wp","href":"https:\/\/api.w.org\/{rel}","templated":true}]}}