{"id":20,"date":"2022-07-07T16:27:32","date_gmt":"2022-07-07T19:27:32","guid":{"rendered":"http:\/\/lgpdsercon.local\/?page_id=20"},"modified":"2022-07-07T21:53:25","modified_gmt":"2022-07-08T00:53:25","slug":"politicas-de-seguranca","status":"publish","type":"page","link":"https:\/\/serconcontabeis.com.br\/lgpd\/politicas-de-seguranca\/","title":{"rendered":"Pol\u00edticas de seguran\u00e7a"},"content":{"rendered":"\t\t<div data-elementor-type=\"wp-page\" data-elementor-id=\"20\" class=\"elementor elementor-20\">\n\t\t\t\t\t\t<section class=\"elementor-section elementor-top-section elementor-element elementor-element-5d8f52d elementor-section-boxed elementor-section-height-default elementor-section-height-default\" data-id=\"5d8f52d\" data-element_type=\"section\" data-settings=\"{&quot;background_background&quot;:&quot;classic&quot;}\">\n\t\t\t\t\t\t<div class=\"elementor-container elementor-column-gap-default\">\n\t\t\t\t\t<div class=\"elementor-column elementor-col-100 elementor-top-column elementor-element elementor-element-6d3a267\" data-id=\"6d3a267\" data-element_type=\"column\">\n\t\t\t<div class=\"elementor-widget-wrap elementor-element-populated\">\n\t\t\t\t\t\t<div class=\"elementor-element elementor-element-c07c900 elementor-widget elementor-widget-heading\" data-id=\"c07c900\" data-element_type=\"widget\" data-widget_type=\"heading.default\">\n\t\t\t\t<div class=\"elementor-widget-container\">\n\t\t\t\t\t<h2 class=\"elementor-heading-title elementor-size-default\">Pol\u00edticas de seguran\u00e7a da informa\u00e7\u00e3o<\/h2>\t\t\t\t<\/div>\n\t\t\t\t<\/div>\n\t\t\t\t\t<\/div>\n\t\t<\/div>\n\t\t\t\t\t<\/div>\n\t\t<\/section>\n\t\t\t\t<section class=\"elementor-section elementor-top-section elementor-element elementor-element-e8ecff0 elementor-section-boxed elementor-section-height-default elementor-section-height-default\" data-id=\"e8ecff0\" data-element_type=\"section\">\n\t\t\t\t\t\t<div class=\"elementor-container elementor-column-gap-default\">\n\t\t\t\t\t<div class=\"elementor-column elementor-col-100 elementor-top-column elementor-element elementor-element-b11ab53\" data-id=\"b11ab53\" data-element_type=\"column\">\n\t\t\t<div class=\"elementor-widget-wrap elementor-element-populated\">\n\t\t\t\t\t\t<div class=\"elementor-element elementor-element-0e4d9fd elementor-widget elementor-widget-spacer\" data-id=\"0e4d9fd\" data-element_type=\"widget\" data-widget_type=\"spacer.default\">\n\t\t\t\t<div class=\"elementor-widget-container\">\n\t\t\t\t\t\t\t<div class=\"elementor-spacer\">\n\t\t\t<div class=\"elementor-spacer-inner\"><\/div>\n\t\t<\/div>\n\t\t\t\t\t\t<\/div>\n\t\t\t\t<\/div>\n\t\t\t\t<div class=\"elementor-element elementor-element-1ec87ea elementor-widget elementor-widget-text-editor\" data-id=\"1ec87ea\" data-element_type=\"widget\" data-widget_type=\"text-editor.default\">\n\t\t\t\t<div class=\"elementor-widget-container\">\n\t\t\t\t\t\t\t\t\t<p><strong>POL\u00cdTICA DE SEGURAN\u00c7A DA INFORMA\u00c7\u00c3O<\/strong><\/p><p><strong>\u00a0<\/strong><\/p><ul><li><strong>APRESENTA\u00c7\u00c3O<\/strong><\/li><\/ul><p>A <strong>SERCON SERVI\u00c7OS CONT\u00c1BEIS LTDA<\/strong>, constitu\u00edda em setembro de 2001, pelas idealizadoras Terezinha Carvalho e Meire Fernandes, possui a miss\u00e3o de promover solu\u00e7\u00f5es cont\u00e1beis, com o compromisso de oferecer inova\u00e7\u00f5es para superar as expectativas dos clientes.<\/p><p>Uma das formas de cumprir sua miss\u00e3o organizacional, \u00e9 manter-se diligente na conformidade legal de sua opera\u00e7\u00e3o e na prote\u00e7\u00e3o, absolutamente priorit\u00e1ria, dos interesses e direitos de seus clientes e colaboradores. Para tanto, em observ\u00e2ncia \u00e0\u00a0 Lei n\u00ba 13.709, de 14 de agosto de 2018, Lei Geral de Prote\u00e7\u00e3o de Dados, a <strong>SERCON SERVI\u00c7OS CONT\u00c1BEIS LTDA<\/strong> institui a presente Pol\u00edtica de Seguran\u00e7a da Informa\u00e7\u00e3o, orientada pelas ISO\/IEC 27001 e 27002, que detalham o padr\u00e3o internacional de gest\u00e3o de seguran\u00e7a da informa\u00e7\u00e3o.<\/p><p>A Pol\u00edtica de Seguran\u00e7a da Informa\u00e7\u00e3o (PSI) \u00e9 o documento que declara o comprometimento da <strong>SERCON SERVI\u00c7OS CONT\u00c1BEIS LTDA<\/strong> com a prote\u00e7\u00e3o dos dados e informa\u00e7\u00f5es tratados em sua opera\u00e7\u00e3o, expondo as diretrizes que orientam o processo de tratamento, assim como os processos e medidas de seguran\u00e7a adotados no intuito de proteger a privacidade dos titulares de dados.<\/p><ul><li><strong>OBJETIVOS<\/strong><\/li><\/ul><p><strong>\u00a0<\/strong><\/p><p>A presente PSI tem como objetivo geral a defini\u00e7\u00e3o das diretrizes que orientam o tratamento de dados pessoais promovido pela <strong>SERCON SERVI\u00c7OS CONT\u00c1BEIS LTDA<\/strong>, permitindo aos colaboradores e clientes conhecerem os procedimentos relacionados \u00e0 seguran\u00e7a da informa\u00e7\u00e3o e adotarem o comportamento necess\u00e1rio \u00e0 sua garantia.<\/p><p>Especificamente, objetiva-se, ainda:<\/p><ul><li>Garantir a prote\u00e7\u00e3o dos dados pessoais tratados em sua opera\u00e7\u00e3o, inclusive nos meios digitais;<\/li><\/ul><p>\u00a0<\/p><ul><li>Preservar a integridade dos dados e informa\u00e7\u00f5es, evitando seu comprometimento, a partir de altera\u00e7\u00f5es, supress\u00f5es ou adi\u00e7\u00f5es indevidas;<\/li><li>Garantir a confidencialidade e o sigilo dos dados fornecidos por clientes e colaboradores;<\/li><li>Garantir a privacidade dos titulares dos dados tratados;<\/li><li>Garantir e viabilizar o exerc\u00edcio dos direitos dos titulares de dados;<\/li><li>Estabelecer os limites de atua\u00e7\u00e3o no tratamento de dados, evitando a viola\u00e7\u00e3o aos direitos dos titulares.<\/li><\/ul><p>\u00a0<\/p><ul><li><strong>APLICA\u00c7\u00c3O <\/strong><\/li><\/ul><p><strong>\u00a0<\/strong><\/p><p>O presente documento possui valor jur\u00eddico e estabelece diretrizes que devem ser imediata e indistintamente seguidas por todos os colaboradores, prestadores de servi\u00e7os ou terceiros parceiros, se aplicando aos dados e informa\u00e7\u00f5es tratados pela SERCON atrav\u00e9s de qualquer meio, f\u00edsico ou virtual.<\/p><p>\u00a0<\/p><ul><li><strong>PRINC\u00cdPIOS<\/strong><\/li><\/ul><p><strong>\u00a0<\/strong><\/p><ul><li>Prote\u00e7\u00e3o: proteger e preservar os dados tratados pela <strong>SERCON SERVI\u00c7OS CONT\u00c1BEIS LTDA<\/strong>, em qualquer formato, dos diversos tipos de riscos ou amea\u00e7as, durante todo o ciclo de vida do tratamento;<\/li><li>Finalidade: observar a finalidade para qual os dados foram coletados em todo o processo de tratamento, n\u00e3o permitindo a utiliza\u00e7\u00e3o dos mesmo para fins diversos;<\/li><li>Adequa\u00e7\u00e3o: o tratamento de dados feito pela SERCON utiliza processos adequados aos servi\u00e7os ofertados e aos objetos do neg\u00f3cio;<\/li><li>Necessidade: somente ser\u00e3o coletados os dados necess\u00e1rios ao regular desempenho das atividades da empresa;<\/li><li>Livre acesso: os titulares podem consultar seus dados em tratamento ou exigir o exerc\u00edcio de quaisquer dos direitos a eles inerentes, por meio de formul\u00e1rio de solicita\u00e7\u00e3o facilitado, dispon\u00edvel no s\u00edtio eletr\u00f4nico da <strong>SERCON SERVI\u00c7OS CONT\u00c1BEIS LTDA<\/strong> ou do envio de e-mail ao endere\u00e7o: <a href=\"mailto:lgpd@serconcontabeis.com.br\"><strong>lgpd@serconcontabeis.com.br<\/strong><\/a><\/li><li>Qualidade: s\u00e3o adotadas medidas de atualiza\u00e7\u00e3o peri\u00f3dicas, sendo permitido e encorajado que os titulares informem a altera\u00e7\u00e3o de seus dados e informa\u00e7\u00f5es sempre que necess\u00e1rio;<\/li><li>Transpar\u00eancia: os titulares s\u00e3o cientificados do tratamento de dados promovido pela <strong>SERCON SERVI\u00c7OS CONT\u00c1BEIS LTDA<\/strong>, sendo qualquer atua\u00e7\u00e3o promovida no processo imediatamente informadas;<\/li><li>Seguran\u00e7a: s\u00e3o adotados procedimentos que garantam a prote\u00e7\u00e3o dos dados pessoais em casos de acessos n\u00e3o autorizados e reduzem o risco de ocorr\u00eancia de incidentes de seguran\u00e7a, extravio de dados ou ataques il\u00edcitos;<\/li><li>Preven\u00e7\u00e3o: s\u00e3o adotadas medidas que reduzem o risco de dano aos titulares de dados pela ocorr\u00eancia de eventuais incidentes de seguran\u00e7a;<\/li><li>N\u00e3o discrimina\u00e7\u00e3o: n\u00e3o s\u00e3o permitidas pr\u00e1ticas ou condutas discriminat\u00f3rias, prezando-se pelo sigilo dos dados sens\u00edveis tratados pela SERCON;<\/li><li>Responsabiliza\u00e7\u00e3o: a viola\u00e7\u00e3o aos processos b\u00e1sicos de seguran\u00e7a estabelecidos neste documento ou determinados pela <strong>SERCON SERVI\u00c7OS CONT\u00c1BEIS LTDA<\/strong>, por meio de orienta\u00e7\u00f5es internas ou treinamentos, assim como a ado\u00e7\u00e3o de postura dolosa ou culposa que cause risco ou dano efetivo no tratamento de dados configura falta disciplinar e \u00e9 pun\u00edvel, conforme a gravidade, de acordo com a Consolida\u00e7\u00e3o das Leis do Trabalho.<\/li><\/ul><p>\u00a0<\/p><ul><li><strong>DIRETRIZES<\/strong><\/li><\/ul><p>\u00a0<\/p><ul><li>Interpreta\u00e7\u00e3o: esta PSI deve ser interpretada de forma restritiva, devendo o procedimento em casos omissos ser expressamente determinado ou autorizado pelo Comit\u00ea de Seguran\u00e7a da Informa\u00e7\u00e3o;<\/li><li>Publicidade: esta PSI deve ser divulgada aos colaboradores, prestadores de servi\u00e7o, terceiros relacionados, clientes e ao p\u00fablico em geral, com objetivo de efetivar o princ\u00edpio da transpar\u00eancia, cientificando a todos que, direta ou indiretamente, s\u00e3o impactados pelas diretrizes estabelecidas;<\/li><li>Propriedade: os dados e informa\u00e7\u00f5es tratados s\u00e3o de titularidade das pessoas f\u00edsicas ou jur\u00eddicas que referenciam, por\u00e9m, encontrando-se na tutela da <strong>SERCON SERVI\u00c7OS CONT\u00c1BEIS LTDA<\/strong>, devem ser empregadas exclusivamente nas atividades institucionais;<\/li><li>Sigilo: a SERCON se compromete a preservar o sigilo e a confidencialidade dos dados fornecidos pelos titulares, devendo todo colaborador assinar termo de sigilo espec\u00edfico que formaliza o comprometimento individual com a prote\u00e7\u00e3o \u00e0 privacidade dos dados. Este termo passa a compor o contrato individual de trabalho firmado entre a <strong>SERCON SERVI\u00c7OS CONT\u00c1BEIS LTDA<\/strong> e o colaborador, representando sua viola\u00e7\u00e3o falta disciplinar, pass\u00edvel de responsabiliza\u00e7\u00e3o nas diversas esferas;<\/li><li>Uso de dispositivos e recursos tecnol\u00f3gicos: o uso de dispositivos e recursos tecnol\u00f3gicos de propriedade da<strong> SERCON SERVI\u00c7OS CONT\u00c1BEIS LTDA<\/strong> deve ser feito apenas para fins profissionais, de modo l\u00edcito, probo, respons\u00e1vel e \u00e9tico, em conformidade com as atribui\u00e7\u00f5es funcionais de cada cargo.<ul><li>N\u00e3o \u00e9 permitido o uso de dispositivos e recurso tecnol\u00f3gico particulares para execu\u00e7\u00e3o dos servi\u00e7os ou das atribui\u00e7\u00f5es funcionais, sendo vedado tamb\u00e9m a conex\u00e3o de dispositivos particulares \u00e0 intranet da <strong>SERCON SERVI\u00c7OS CONT\u00c1BEIS LTDA<\/strong>, assim como a transmiss\u00e3o de dados por meio de canais ou dispositivos n\u00e3o autorizados, exceto quando previamente autorizado pelo Comit\u00ea de Seguran\u00e7a da Informa\u00e7\u00e3o;<\/li><\/ul><\/li><li>Uso e exposi\u00e7\u00e3o de imagem pessoal: o uso e a exposi\u00e7\u00e3o de imagem pessoal dos colaboradores, clientes ou terceiros ser\u00e1 previamente autorizada mediante a assinatura de termo pr\u00f3prio, pass\u00edvel de revoga\u00e7\u00e3o;<\/li><li>Controle de acesso: a <strong>SERCON SERVI\u00c7OS CONT\u00c1BEIS LTDA<\/strong> controla o acesso f\u00edsico e virtual dos dados e informa\u00e7\u00f5es em sua tutela e tratamento, sendo coletada a identifica\u00e7\u00e3o, f\u00edsica ou virtual, de todo aquele que acessar ou participar da cadeia de tratamento, existindo, ainda, n\u00edveis de permiss\u00e3o e acesso correspondente \u00e0s atribui\u00e7\u00f5es de cada setor e grau hier\u00e1rquico;<\/li><li>Inspe\u00e7\u00e3o dos recursos tecnol\u00f3gicos: sempre que necess\u00e1rio, ser\u00e3o auditados ou inspecionados ou recursos de tecnologia que comp\u00f5e o patrim\u00f4nio corporativo da <strong>SERCON SERVI\u00c7OS CONT\u00c1BEIS LTDA<\/strong>, a fim de atender aos princ\u00edpios da seguran\u00e7a e preven\u00e7\u00e3o;<\/li><li>Conformidade: anualmente ou quando mudan\u00e7as legais ou procedimentais significativas ocorrerem, deve ser revisada\/atualizada esta PSI, garantindo-se o atendimento aos requisitos de seguran\u00e7a legais vigentes;<\/li><li>Capacita\u00e7\u00e3o: ser\u00e3o ofertados cursos, oficinas ou palestras ao quadro pessoal da <strong>SERCON SERVI\u00c7OS CONT\u00c1BEIS LTDA<\/strong>, com objetivo de conscientizar o colaborador sobre a import\u00e2ncia da observ\u00e2ncia dos procedimentos de seguran\u00e7a da informa\u00e7\u00e3o e direcionar sobre boas pr\u00e1ticas no tratamento de dados pessoais;<\/li><li>Comit\u00ea de Seguran\u00e7a da Informa\u00e7\u00e3o: ser\u00e1 institu\u00eddo Comit\u00ea com a participa\u00e7\u00e3o de um representante de cada setor de opera\u00e7\u00f5es da <strong>SERCON SERVI\u00c7OS CONT\u00c1BEIS LTDA<\/strong>, cuja principal fun\u00e7\u00e3o \u00e9 assessorar e monitorar a implementa\u00e7\u00e3o das a\u00e7\u00f5es relacionadas \u00e0 Seguran\u00e7a da Informa\u00e7\u00e3o e promover a ado\u00e7\u00e3o das medidas adequadas na hip\u00f3tese de ocorr\u00eancia de incidente de seguran\u00e7a;<\/li><li>Comunica\u00e7\u00e3o de Incidentes: eventuais casos de incidentes de seguran\u00e7a da informa\u00e7\u00e3o devem ser imediatamente comunicados pelo colaborador que tiver conhecimento, por meio de e-mail direcionado ao endere\u00e7o: <a href=\"mailto:lgpd@serconcontabeis.com.br\">lgpd@serconcontabeis.com.br<\/a> , devendo o Comit\u00ea de Seguran\u00e7a da Informa\u00e7\u00e3o avaliar a gravidade do incidente, o potencial lesivo e informar, sendo o caso, \u00e0 Autoridade Nacional de Prote\u00e7\u00e3o de Dados \u2013 ANPD, por meio do formul\u00e1rio eletr\u00f4nico contido no s\u00edtio da referida ag\u00eancia reguladora;<\/li><\/ul><p>\u00a0<\/p><ul><li><strong>RESPONSABILIDADES<\/strong><\/li><\/ul><p><strong>\u00a0<\/strong><\/p><ul><li>Dos colaboradores em geral: todo aquele que possuir v\u00ednculo empregat\u00edcio ou que prestar servi\u00e7o por interm\u00e9dio de pessoa jur\u00eddica ou n\u00e3o, exercendo atividade relacionada aos servi\u00e7os fornecidos pela <strong>SERCON SERVI\u00c7OS CONT\u00c1BEIS LTDA<\/strong> possui a responsabilidade de seguir os processos de seguran\u00e7a definidos pela empresa e as diretrizes nesta PSI expostas, sendo respons\u00e1veis pelo descumprimento;<\/li><li>Dos diretores e l\u00edderes: adotar postura exemplar em rela\u00e7\u00e3o \u00e0 seguran\u00e7a da informa\u00e7\u00e3o, servindo como modelo de conduta para os demais colaboradores e parceiros;<\/li><li>Da gest\u00e3o de recursos humanos: os respons\u00e1veis pela gest\u00e3o de recursos humanos s\u00e3o respons\u00e1veis pela cientifica\u00e7\u00e3o, no ato da contrata\u00e7\u00e3o, das responsabilidades inerentes \u00e0 seguran\u00e7a da informa\u00e7\u00e3o e pela apresenta\u00e7\u00e3o desta Pol\u00edtica de Seguran\u00e7a da Informa\u00e7\u00e3o, da Pol\u00edtica de Privacidade e da coleta das assinaturas do termo de sigilo e confidencialidade, assim como do termo de consentimento do tratamento de dados e autoriza\u00e7\u00e3o do uso de imagem;<\/li><li>Do Comit\u00ea de Seguran\u00e7a da Informa\u00e7\u00e3o: composto por representante t\u00e1tico de cada setor, o CSI \u00e9 respons\u00e1vel pelo monitoramento dos processos definidos para tratamento de dados, prezando pela seguran\u00e7a das informa\u00e7\u00f5es, instaurar, quando couber, procedimento disciplinar para apura\u00e7\u00e3o de responsabilidades dos envolvidos em viola\u00e7\u00f5es de seguran\u00e7a da informa\u00e7\u00e3o, assim como por comunicar \u00e0 Autoridade Nacional de Prote\u00e7\u00e3o de Dados (ANPD) a ocorr\u00eancia de incidente de seguran\u00e7a capaz de causar danos aos titulares;<\/li><\/ul><p>\u00a0<\/p><ul><li><strong>DISPOSI\u00c7\u00d5ES FINAIS<\/strong><\/li><\/ul><p>\u00a0<\/p><ul><li>Canais de comunica\u00e7\u00e3o oficiais (redes sociais, e-mail corporativo, telefones corporativos etc): devem ser utilizados apenas para fins institucionais, sendo vedada a n\u00e3o identifica\u00e7\u00e3o do remetente no ato de comunica\u00e7\u00e3o, o envio de mensagens n\u00e3o solicitadas para m\u00faltiplos destinat\u00e1rios, com objetivo comercial, a utiliza\u00e7\u00e3o de dispositivo ou canal de comunica\u00e7\u00e3o de outro colaborador sem a devida autoriza\u00e7\u00e3o, divulgar informa\u00e7\u00f5es ou imagens de tela, sistemas, documentos e afins sem autoriza\u00e7\u00e3o expressa e formal, apagar mensagens ou informa\u00e7\u00f5es pertinentes a tais canais, sobretudo com objetivo de evitar responsabiliza\u00e7\u00f5es, produzir transmitir ou enviar mensagens que ofere\u00e7a qualquer amea\u00e7a \u00e0 seguran\u00e7a dos dados tratados pela Sercon ou \u00e0 privacidade dos titulares;<\/li><li>Intranet: a rede interna \u00e9 monitorada, sendo registrado o acesso dos usu\u00e1rios, sendo vedada a altera\u00e7\u00e3o dos par\u00e2metros de seguran\u00e7a, sem a devida autoriza\u00e7\u00e3o, assim como a utiliza\u00e7\u00e3o da rede ou dos dispositivos da Sercon para a pr\u00e1tica de qualquer ato il\u00edcito ou que venha a expor \u00e0 risco de seguran\u00e7a os dados e informa\u00e7\u00f5es em tratamento, sendo igualmente vedado o acesso \u00e0 s\u00edtios eletr\u00f4nicos n\u00e3o seguros ou o download de software n\u00e3o autorizados;<\/li><\/ul><p>\u00a0<\/p><ul><li>Identifica\u00e7\u00e3o e senhas: os recursos de identifica\u00e7\u00e3o e senha protegem a identidade do usu\u00e1rio e permite o registro do acesso aos dados em tratamento, sendo vedada a utiliza\u00e7\u00e3o de identifica\u00e7\u00e3o alheia, o compartilhamento de senhas individuais. O colaborador \u00e9 respons\u00e1vel pela atualiza\u00e7\u00e3o peri\u00f3dica, a cada 06 meses, de suas senhas individuais, sendo vedada a reutiliza\u00e7\u00e3o de senhas ou a utiliza\u00e7\u00e3o de senhas fr\u00e1geis, num\u00e9ricas ou alfab\u00e9ticas sequenciais, a exemplo \u201c123456\u201d ou \u201cabcdef\u201d, n\u00e3o devendo ser anotadas ou armazenadas em arquivos eletr\u00f4nicos (Agendas, Post-its, Word, Bloco de notas, e-mail etc.), compreens\u00edveis por linguagem humana (n\u00e3o criptografados); n\u00e3o devem ser baseadas em informa\u00e7\u00f5es pessoais, como pr\u00f3prio nome, nome de familiares, data de nascimento, endere\u00e7o, placa de ve\u00edculo, nome da empresa, nome do departamento etc. Recomenda-se a utiliza\u00e7\u00e3o de senhas com, no m\u00ednimo 08 caracteres, que combinem n\u00fameros, letras e caracteres especiais.<\/li><\/ul><p>\u00a0<\/p><ul><li><em>Backup: <\/em>os <em>backups<\/em> devem ser peri\u00f3dicos e automatizados por sistema de agendamento, devendo as nuvens de armazenamento ou os sistemas de backup serem periodicamente atualizados;<\/li><li>Dos casos omissos: os casos e eventual procedimento diverso do previsto nesta Pol\u00edtica de Seguran\u00e7a da Informa\u00e7\u00e3o e Comunica\u00e7\u00e3o ser\u00e3o submetidos \u00e0 an\u00e1lise do Comit\u00ea de Seguran\u00e7a da Informa\u00e7\u00e3o;<\/li><li>D\u00favidas e solicita\u00e7\u00f5es: qualquer d\u00favida relativa a esta PSI ou qualquer solicita\u00e7\u00e3o relacionada \u00e0s suas disposi\u00e7\u00f5es devem ser encaminhadas ao endere\u00e7o de e-mail <a href=\"mailto:lgpd@serconcontabeis.com.br\">lgpd@serconcontabeis.com.br<\/a> ou protocolada no campo \u201cSolicita\u00e7\u00f5es LGPD\u201d constante no s\u00edtio eletr\u00f4nico <a href=\"https:\/\/www.serconcontabeis.com.br\/\">https:\/\/www.serconcontabeis.com.br\/<\/a>;<\/li><li>Este documento passa a vigorar na data de sua aprova\u00e7\u00e3o.<\/li><\/ul><p>Jo\u00e3o Pessoa\/PB, data da aprova\u00e7\u00e3o.<\/p><p>SERCON SERVI\u00c7OS CONT\u00c1BEIS LTDA<\/p><p>Documento elaborado em parceria com o Sebrae\/PB, em programa de consultoria empresarial conduzido por Marcelly de Santana Batista, OAB\/PB 27.360.<\/p>\t\t\t\t\t\t\t\t<\/div>\n\t\t\t\t<\/div>\n\t\t\t\t<div class=\"elementor-element elementor-element-9171e95 elementor-align-center elementor-widget elementor-widget-button\" data-id=\"9171e95\" data-element_type=\"widget\" data-widget_type=\"button.default\">\n\t\t\t\t<div class=\"elementor-widget-container\">\n\t\t\t\t\t\t\t\t\t<div class=\"elementor-button-wrapper\">\n\t\t\t\t\t<a class=\"elementor-button elementor-button-link elementor-size-sm\" href=\"http:\/\/lgpdsercon.local\/wp-content\/uploads\/2022\/07\/POLITICA-DE-SEGURANCA-DA-INFORMACAO.docx\" id=\"download\">\n\t\t\t\t\t\t<span class=\"elementor-button-content-wrapper\">\n\t\t\t\t\t\t\t\t\t<span class=\"elementor-button-text\">Baixar documento<\/span>\n\t\t\t\t\t<\/span>\n\t\t\t\t\t<\/a>\n\t\t\t\t<\/div>\n\t\t\t\t\t\t\t\t<\/div>\n\t\t\t\t<\/div>\n\t\t\t\t<div class=\"elementor-element elementor-element-0d58702 elementor-widget elementor-widget-image\" data-id=\"0d58702\" data-element_type=\"widget\" data-widget_type=\"image.default\">\n\t\t\t\t<div class=\"elementor-widget-container\">\n\t\t\t\t\t\t\t\t\t\t\t\t\t\t\t\t<a href=\"https:\/\/serconcontabeis.com.br\">\n\t\t\t\t\t\t\t<img decoding=\"async\" width=\"206\" height=\"62\" src=\"https:\/\/serconcontabeis.com.br\/lgpd\/wp-content\/uploads\/2022\/07\/206-62-max.png\" class=\"attachment-large size-large wp-image-8\" alt=\"\" \/>\t\t\t\t\t\t\t\t<\/a>\n\t\t\t\t\t\t\t\t\t\t\t\t\t\t\t<\/div>\n\t\t\t\t<\/div>\n\t\t\t\t<div class=\"elementor-element elementor-element-6341d51 elementor-widget elementor-widget-spacer\" data-id=\"6341d51\" data-element_type=\"widget\" data-widget_type=\"spacer.default\">\n\t\t\t\t<div class=\"elementor-widget-container\">\n\t\t\t\t\t\t\t<div class=\"elementor-spacer\">\n\t\t\t<div class=\"elementor-spacer-inner\"><\/div>\n\t\t<\/div>\n\t\t\t\t\t\t<\/div>\n\t\t\t\t<\/div>\n\t\t\t\t\t<\/div>\n\t\t<\/div>\n\t\t\t\t\t<\/div>\n\t\t<\/section>\n\t\t\t\t<\/div>\n\t\t","protected":false},"excerpt":{"rendered":"<p>Pol\u00edticas de seguran\u00e7a da informa\u00e7\u00e3o POL\u00cdTICA DE SEGURAN\u00c7A DA INFORMA\u00c7\u00c3O \u00a0 APRESENTA\u00c7\u00c3O A SERCON SERVI\u00c7OS CONT\u00c1BEIS LTDA, constitu\u00edda em setembro de 2001, pelas idealizadoras Terezinha Carvalho e Meire Fernandes, possui a miss\u00e3o de promover solu\u00e7\u00f5es cont\u00e1beis, com o compromisso de oferecer inova\u00e7\u00f5es para superar as expectativas dos clientes. Uma das formas de cumprir sua miss\u00e3o [&hellip;]<\/p>\n","protected":false},"author":1,"featured_media":0,"parent":0,"menu_order":0,"comment_status":"closed","ping_status":"closed","template":"elementor_canvas","meta":{"footnotes":""},"class_list":["post-20","page","type-page","status-publish","hentry"],"_links":{"self":[{"href":"https:\/\/serconcontabeis.com.br\/lgpd\/wp-json\/wp\/v2\/pages\/20","targetHints":{"allow":["GET"]}}],"collection":[{"href":"https:\/\/serconcontabeis.com.br\/lgpd\/wp-json\/wp\/v2\/pages"}],"about":[{"href":"https:\/\/serconcontabeis.com.br\/lgpd\/wp-json\/wp\/v2\/types\/page"}],"author":[{"embeddable":true,"href":"https:\/\/serconcontabeis.com.br\/lgpd\/wp-json\/wp\/v2\/users\/1"}],"replies":[{"embeddable":true,"href":"https:\/\/serconcontabeis.com.br\/lgpd\/wp-json\/wp\/v2\/comments?post=20"}],"version-history":[{"count":16,"href":"https:\/\/serconcontabeis.com.br\/lgpd\/wp-json\/wp\/v2\/pages\/20\/revisions"}],"predecessor-version":[{"id":75,"href":"https:\/\/serconcontabeis.com.br\/lgpd\/wp-json\/wp\/v2\/pages\/20\/revisions\/75"}],"wp:attachment":[{"href":"https:\/\/serconcontabeis.com.br\/lgpd\/wp-json\/wp\/v2\/media?parent=20"}],"curies":[{"name":"wp","href":"https:\/\/api.w.org\/{rel}","templated":true}]}}